{"id":1223,"date":"2022-02-21T10:12:28","date_gmt":"2022-02-21T09:12:28","guid":{"rendered":"https:\/\/www.tc-kirchhausen.de\/?page_id=1223"},"modified":"2025-05-07T18:07:20","modified_gmt":"2025-05-07T16:07:20","slug":"schnuppermitgliedschaft","status":"publish","type":"page","link":"https:\/\/www.tc-kirchhausen.de\/index.php\/schnupperkurs\/schnuppermitgliedschaft\/","title":{"rendered":"Grundschule Schnupperkurs"},"content":{"rendered":"\n<figure class=\"wp-block-image size-full is-resized\"><img loading=\"lazy\" decoding=\"async\" width=\"612\" height=\"213\" src=\"https:\/\/www.tc-kirchhausen.de\/wp-content\/uploads\/2025\/05\/grafik-2.png\" alt=\"\" class=\"wp-image-1894\" style=\"width:676px;height:auto\" srcset=\"https:\/\/www.tc-kirchhausen.de\/wp-content\/uploads\/2025\/05\/grafik-2.png 612w, https:\/\/www.tc-kirchhausen.de\/wp-content\/uploads\/2025\/05\/grafik-2-300x104.png 300w\" sizes=\"auto, (max-width: 612px) 100vw, 612px\" \/><\/figure>\n\n\n\n<p style=\"margin: 6.0pt 0cm 12.0pt 0cm;\"><b><span style=\"font-family: 'Arial',sans-serif; color: #1b1c1d;\">Hallo, liebe Tennis-Entdecker und sportbegeisterte Eltern!<\/span><\/b><\/p>\n<p style=\"text-align: justify; margin: 0cm 0cm 12.0pt 0cm;\"><span style=\"font-family: 'Arial',sans-serif; color: #1b1c1d;\">Habt ihr Lust, im Sommer 2025 den gelben Filzball fliegen zu lassen und herauszufinden, wie viel Spa\u00df Tennis macht? Der Tennisclub Kirchhausen \u00f6ffnet seine Tore und l\u00e4dt alle Kids der Grundschule Kirchhausen zu einem <b>kostenlosen Tennis-Schnuppertraining<\/b> ein!<b> <\/b><\/span><\/p>\n<p style=\"text-align: justify; margin: 0cm 0cm 12.0pt 0cm;\"><span style=\"font-family: 'Arial',sans-serif; color: #1b1c1d;\">Stellt euch vor: Samstagvormittag, Sonnenschein, der Platz ruft und ihr seid mittendrin! An <b>4 bis 5 coolen Trainingsterminen<\/b> zeigen euch unsere <b>super Trainer<\/b>, wie man den Schl\u00e4ger schwingt und den Ball \u00fcbers Netz sausen l\u00e4sst. Das Einzige, was ihr mitbringen m\u00fcsst, sind <b>bequeme Sportschuhe und jede Menge gute Laune!<\/b><\/span><\/p>\n<p>\u00a0<\/p>\n<p style=\"text-align: justify; margin: 0cm 0cm 12.0pt 0cm;\"><b><span style=\"font-family: 'Arial',sans-serif; color: #1b1c1d;\">Liebe Eltern<\/span><\/b><span style=\"font-family: 'Arial',sans-serif; color: #1b1c1d;\">, das ist die perfekte Gelegenheit f\u00fcr Ihre Kinder, eine neue Sportart kennenzulernen, sich auszupowern und vielleicht ein neues Hobby zu entdecken \u2013 ganz ohne Verpflichtungen!<\/span><\/p>\n<p style=\"text-align: justify; margin: 0cm 0cm 6.0pt 0cm;\"><b><span style=\"font-family: 'Arial',sans-serif; color: #1b1c1d;\">Seid dabei und meldet euch an!<\/span><\/b><span style=\"font-family: 'Arial',sans-serif; color: #1b1c1d;\"> Schickt einfach bis zum <b>15. Mai<\/b> eine Nachricht mit dem <b>Namen und Geburtsdatum<\/b> eures Kindes an unseren Jugendleiter Steffen per WhatsApp: 0172 &#8211; 5908248 oder E-Mail: steffen.schliwinski@gmail.com<\/span><\/p>\n<p>\u00a0<\/p>\n<p style=\"margin: 0cm; text-align: justify; vertical-align: baseline;\"><b><span style=\"font-family: 'Arial',sans-serif; color: #1b1c1d;\">Aber das ist noch nicht alles!<\/span><\/b><span style=\"font-family: 'Arial',sans-serif; color: #1b1c1d;\"> F\u00fcr alle, die nach dem Schnuppern Feuer gefangen haben (und nat\u00fcrlich auch f\u00fcr \u00e4ltere Jugendliche und Erwachsene), bieten wir eine <b>attraktive Tennis-Schnuppermitgliedschaft<\/b> an. Und im Jugendbereich wartet ein <b>abwechslungsreiches Trainingsangebot<\/b> auf euch!<\/span><\/p>\n<p>\u00a0<\/p>\n<p style=\"margin: 0cm 0cm 12.0pt 0cm;\"><span style=\"font-family: 'Arial',sans-serif; color: #1b1c1d;\">Habt ihr noch Fragen? Kein Problem! Ruft uns einfach an oder schreibt eine E-Mail.<\/span><\/p>\n<p style=\"margin: 0cm 0cm 12.0pt 0cm;\"><span style=\"font-family: 'Arial',sans-serif; color: #1b1c1d;\">Wir freuen uns riesig darauf, euch auf dem Tennisplatz in Kirchhausen begr\u00fc\u00dfen zu d\u00fcrfen!<\/span><\/p>\n<p style=\"margin: 0cm 0cm 12.0pt 0cm;\"><span style=\"font-family: 'Arial',sans-serif; color: #1b1c1d;\">Sportliche Gr\u00fc\u00dfe,<\/span><\/p>\n<p style=\"margin: 0cm 0cm 12.0pt 0cm;\"><span style=\"font-family: 'Arial',sans-serif; color: #1b1c1d;\">Euer Team vom Tennisclub Kirchhausen<\/span><\/p>\n","protected":false},"excerpt":{"rendered":"<p>Hallo, liebe Tennis-Entdecker und sportbegeisterte Eltern! Habt ihr Lust, im Sommer 2025 den gelben Filzball fliegen zu lassen und herauszufinden, wie viel Spa\u00df Tennis macht? Der Tennisclub Kirchhausen \u00f6ffnet seine Tore und l\u00e4dt alle Kids der Grundschule Kirchhausen zu einem kostenlosen Tennis-Schnuppertraining ein! Stellt euch vor: Samstagvormittag, Sonnenschein, der Platz ruft und ihr seid mittendrin! [&hellip;]<\/p>\n","protected":false},"author":1,"featured_media":0,"parent":668,"menu_order":2,"comment_status":"closed","ping_status":"closed","template":"","meta":{"footnotes":""},"class_list":["post-1223","page","type-page","status-publish","hentry","post-preview"],"_links":{"self":[{"href":"https:\/\/www.tc-kirchhausen.de\/index.php\/wp-json\/wp\/v2\/pages\/1223","targetHints":{"allow":["GET"]}}],"collection":[{"href":"https:\/\/www.tc-kirchhausen.de\/index.php\/wp-json\/wp\/v2\/pages"}],"about":[{"href":"https:\/\/www.tc-kirchhausen.de\/index.php\/wp-json\/wp\/v2\/types\/page"}],"author":[{"embeddable":true,"href":"https:\/\/www.tc-kirchhausen.de\/index.php\/wp-json\/wp\/v2\/users\/1"}],"replies":[{"embeddable":true,"href":"https:\/\/www.tc-kirchhausen.de\/index.php\/wp-json\/wp\/v2\/comments?post=1223"}],"version-history":[{"count":15,"href":"https:\/\/www.tc-kirchhausen.de\/index.php\/wp-json\/wp\/v2\/pages\/1223\/revisions"}],"predecessor-version":[{"id":1897,"href":"https:\/\/www.tc-kirchhausen.de\/index.php\/wp-json\/wp\/v2\/pages\/1223\/revisions\/1897"}],"up":[{"embeddable":true,"href":"https:\/\/www.tc-kirchhausen.de\/index.php\/wp-json\/wp\/v2\/pages\/668"}],"wp:attachment":[{"href":"https:\/\/www.tc-kirchhausen.de\/index.php\/wp-json\/wp\/v2\/media?parent=1223"}],"curies":[{"name":"wp","href":"https:\/\/api.w.org\/{rel}","templated":true}]}}