{"id":1753,"date":"2025-03-09T18:14:18","date_gmt":"2025-03-09T17:14:18","guid":{"rendered":"https:\/\/www.tc-kirchhausen.de\/?page_id=1753"},"modified":"2025-03-09T18:45:48","modified_gmt":"2025-03-09T17:45:48","slug":"gymnastikgruppen-frauen","status":"publish","type":"page","link":"https:\/\/www.tc-kirchhausen.de\/index.php\/gymnastik\/gymnastikgruppen-frauen\/","title":{"rendered":"Gymnastikgruppe Frauen"},"content":{"rendered":"\n<p class=\"has-regular-font-size\"><strong>Abteilung des TC \u2013 Kirchhausen e.V.<br>Bewegung ist Medizin ohne Nebenwirkung<\/strong><\/p>\n\n\n\n<p class=\"has-small-font-size\">Gezielte, gef\u00fchrte Bewegung entspannt, st\u00e4rkt die Muskulatur und erh\u00f6ht das Wohlbefinden.<br>Durch Bewegung halte ich K\u00f6rper und Geist fit.<br>Wissenschaftliche Untersuchungen best\u00e4tigen, dass Frauen z.B. mit Brustkrebs eine bessere Lebensqualit\u00e4t so wie bessere Chancen haben, gesund zu werden.<br>Bewegung ist das beste Schmerzmittel ohne Nebenwirkung.<\/p>\n\n\n\n<p class=\"has-small-font-size\">Wir w\u00fcrden uns \u00fcber neue Teilnehmerinnen freuen.<br>Wir bieten Elemente der Krankengymnastik, Pilates, Kr\u00e4ftigung des Beckenbodens, des R\u00fcckens und der Bauchmuskulatur.<br><br>Wir haben als Trainerinnen 2 Physiotherapeutinnen und eine Sportlehrerinnen, die im Wechsel die \u00dcbungsstunden abhalten.<\/p>\n\n\n\n<p class=\"has-small-font-size\"><strong>Unsere Trainingszeiten ist Montags<br>von 19:30 Uhr bis 20:30 Uhr<br>in der Deutschordenshalle<\/strong><\/p>\n\n\n\n<p class=\"has-small-font-size\"><strong>Der Jahresbeitrag betr\u00e4gt 100,00\u20ac<\/strong><\/p>\n\n\n\n<p class=\"has-small-font-size\">Ansprechpartner<br><strong>Birgit Kullmann Tel. 07066 \/ 4615<br>Magda Hahn Tel. 07066 \/ 7579<\/strong><\/p>\n","protected":false},"excerpt":{"rendered":"<p>Abteilung des TC \u2013 Kirchhausen e.V.Bewegung ist Medizin ohne Nebenwirkung Gezielte, gef\u00fchrte Bewegung entspannt, st\u00e4rkt die Muskulatur und erh\u00f6ht das Wohlbefinden.Durch Bewegung halte ich K\u00f6rper und Geist fit.Wissenschaftliche Untersuchungen best\u00e4tigen, dass Frauen z.B. mit Brustkrebs eine bessere Lebensqualit\u00e4t so wie bessere Chancen haben, gesund zu werden.Bewegung ist das beste Schmerzmittel ohne Nebenwirkung. Wir w\u00fcrden uns [&hellip;]<\/p>\n","protected":false},"author":1,"featured_media":0,"parent":1751,"menu_order":2,"comment_status":"closed","ping_status":"closed","template":"","meta":{"footnotes":""},"class_list":["post-1753","page","type-page","status-publish","hentry","post-preview"],"_links":{"self":[{"href":"https:\/\/www.tc-kirchhausen.de\/index.php\/wp-json\/wp\/v2\/pages\/1753","targetHints":{"allow":["GET"]}}],"collection":[{"href":"https:\/\/www.tc-kirchhausen.de\/index.php\/wp-json\/wp\/v2\/pages"}],"about":[{"href":"https:\/\/www.tc-kirchhausen.de\/index.php\/wp-json\/wp\/v2\/types\/page"}],"author":[{"embeddable":true,"href":"https:\/\/www.tc-kirchhausen.de\/index.php\/wp-json\/wp\/v2\/users\/1"}],"replies":[{"embeddable":true,"href":"https:\/\/www.tc-kirchhausen.de\/index.php\/wp-json\/wp\/v2\/comments?post=1753"}],"version-history":[{"count":5,"href":"https:\/\/www.tc-kirchhausen.de\/index.php\/wp-json\/wp\/v2\/pages\/1753\/revisions"}],"predecessor-version":[{"id":1767,"href":"https:\/\/www.tc-kirchhausen.de\/index.php\/wp-json\/wp\/v2\/pages\/1753\/revisions\/1767"}],"up":[{"embeddable":true,"href":"https:\/\/www.tc-kirchhausen.de\/index.php\/wp-json\/wp\/v2\/pages\/1751"}],"wp:attachment":[{"href":"https:\/\/www.tc-kirchhausen.de\/index.php\/wp-json\/wp\/v2\/media?parent=1753"}],"curies":[{"name":"wp","href":"https:\/\/api.w.org\/{rel}","templated":true}]}}