{"id":202,"date":"2017-02-03T12:17:12","date_gmt":"2017-02-03T11:17:12","guid":{"rendered":"http:\/\/192.168.30.252\/?page_id=202"},"modified":"2018-05-08T13:35:24","modified_gmt":"2018-05-08T11:35:24","slug":"impressum","status":"publish","type":"page","link":"https:\/\/www.tc-kirchhausen.de\/index.php\/verein\/impressum\/","title":{"rendered":"Impressum"},"content":{"rendered":"<p class=\"p1\"><span style=\"font-size: 16px;\">Angaben gem\u00e4\u00df \u00a7 5 TMG<\/span><\/p>\n<p class=\"p1\"><span style=\"font-size: 12pt;\">Tennisclub Kirchhausen\u00a0e.V.<\/span><br \/>\n<span class=\"s1\" style=\"font-size: 12pt;\"> Unter M\u00fchle 1<\/span><br \/>\n<span class=\"s1\" style=\"font-size: 12pt;\"> 74078 Heilbronn<\/span><\/p>\n<p class=\"p2\"><span class=\"s1\" style=\"font-size: 12pt;\">Telefon: 07066\u00a04129<\/span><br \/>\n<span class=\"s1\" style=\"font-size: 12pt;\"> Webseite:\u00a0www.tc-kirchhausen.de<\/span><\/p>\n<p class=\"p2\"><span class=\"s1\" style=\"font-size: 12pt;\">E-Mail:\u00a0info@tc-kirchhausen.de<\/span><\/p>\n<p class=\"p2\"><span class=\"s1\" style=\"font-size: 12pt;\"><b>Verantwortlich:<\/b><\/span><br \/>\n<span class=\"s1\" style=\"font-size: 12pt;\"> Vorstandschaft des TC-Kirchhausen<br \/>\n<\/span><\/p>\n<p class=\"p2\"><span class=\"s1\" style=\"font-size: 12pt;\"><b>Gesch\u00e4ftsstelle:<\/b><br \/>\n<span class=\"s1\" style=\"font-size: 12pt;\">Name:\u00a0Wilfried Volk<br \/>\n<span class=\"s1\" style=\"font-size: 12pt;\">Telefon:\u00a007066 2133<br \/>\n<span class=\"s1\" style=\"font-size: 12pt;\"> E-Mail: info@tc-kirchhausen.de<\/span><\/span><\/span><\/span><\/p>\n<p class=\"p2\"><span class=\"s1\" style=\"font-size: 12pt;\"><b>Verantwortlicher f\u00fcr die Webseite:<\/b><br \/>\n<span class=\"s1\" style=\"font-size: 12pt;\">Name:\u00a0Joachim Kirchherr<br \/>\n<span class=\"s1\" style=\"font-size: 12pt;\">Telefon:\u00a007133 901521<br \/>\n<span class=\"s1\" style=\"font-size: 12pt;\"> E-Mail: info@tc-kirchhausen.de<\/span><\/span><\/span><\/span><\/p>\n<p class=\"p2\"><span class=\"s1\" style=\"font-size: 12pt;\"><b>Eingetragen im Vereinsregister<\/b><\/span><\/p>\n<p class=\"p2\"><span class=\"s1\" style=\"font-size: 12pt;\">Registergericht:\u00a0Amtsgericht Heilbronn<\/span><\/p>\n<p class=\"p2\"><span class=\"s1\" style=\"font-size: 12pt;\">Registernummer:<\/span><\/p>\n<p class=\"p4\"><span style=\"font-size: 16px;\"><strong>Haftungsausschluss: <\/strong><\/span><\/p>\n<p><span style=\"font-size: 16px;\"><strong>Haftung f\u00fcr Inhalte<\/strong><\/span><\/p>\n<p><span style=\"font-size: 16px;\">Die Inhalte unserer Seiten wurden mit gr\u00f6\u00dfter Sorgfalt erstellt. F\u00fcr die Richtigkeit, Vollst\u00e4ndigkeit und Aktualit\u00e4t der Inhalte k\u00f6nnen wir jedoch keine Gew\u00e4hr \u00fcbernehmen. Als Diensteanbieter sind wir gem\u00e4\u00df \u00a7 7 Abs.1 TMG f\u00fcr eigene Inhalte auf diesen Seiten nach den allgemeinen Gesetzen verantwortlich. Nach \u00a7\u00a7 8 bis 10 TMG sind wir als Diensteanbieter jedoch nicht verpflichtet, \u00fcbermittelte oder gespeicherte fremde Informationen zu \u00fcberwachen oder nach Umst\u00e4nden zu forschen, die auf eine rechtswidrige T\u00e4tigkeit hinweisen. Verpflichtungen zur Entfernung oder Sperrung der Nutzung von Informationen nach den allgemeinen Gesetzen bleiben hiervon unber\u00fchrt. Eine diesbez\u00fcgliche Haftung ist jedoch erst ab dem Zeitpunkt der Kenntnis einer konkreten Rechtsverletzung m\u00f6glich. Bei Bekanntwerden von entsprechenden Rechtsverletzungen werden wir diese Inhalte umgehend entfernen.<\/span><\/p>\n<p><span style=\"font-size: 16px;\"><strong>Haftung f\u00fcr Links<\/strong><\/span><\/p>\n<p><span style=\"font-size: 16px;\">Unser Angebot enth\u00e4lt Links zu externen Webseiten Dritter, auf deren Inhalte wir keinen Einfluss haben. Deshalb k\u00f6nnen wir f\u00fcr diese fremden Inhalte auch keine Gew\u00e4hr \u00fcbernehmen. F\u00fcr die Inhalte der verlinkten Seiten ist stets der jeweilige Anbieter oder Betreiber der Seiten verantwortlich. Die verlinkten Seiten wurden zum Zeitpunkt der Verlinkung auf m\u00f6gliche Rechtsverst\u00f6\u00dfe \u00fcberpr\u00fcft. Rechtswidrige Inhalte waren zum Zeitpunkt der Verlinkung nicht erkennbar. Eine permanente inhaltliche Kontrolle der verlinkten Seiten ist jedoch ohne konkrete Anhaltspunkte einer Rechtsverletzung nicht zumutbar. Bei Bekanntwerden von Rechtsverletzungen werden wir derartige Links umgehend entfernen.<\/span><\/p>\n","protected":false},"excerpt":{"rendered":"<p>Angaben gem\u00e4\u00df \u00a7 5 TMG Tennisclub Kirchhausen\u00a0e.V. Unter M\u00fchle 1 74078 Heilbronn Telefon: 07066\u00a04129 Webseite:\u00a0www.tc-kirchhausen.de E-Mail:\u00a0info@tc-kirchhausen.de Verantwortlich: Vorstandschaft des TC-Kirchhausen Gesch\u00e4ftsstelle: Name:\u00a0Wilfried Volk Telefon:\u00a007066 2133 E-Mail: info@tc-kirchhausen.de Verantwortlicher f\u00fcr die Webseite: Name:\u00a0Joachim Kirchherr Telefon:\u00a007133 901521 E-Mail: info@tc-kirchhausen.de Eingetragen im Vereinsregister Registergericht:\u00a0Amtsgericht Heilbronn Registernummer: Haftungsausschluss: Haftung f\u00fcr Inhalte Die Inhalte unserer Seiten wurden mit gr\u00f6\u00dfter Sorgfalt [&hellip;]<\/p>\n","protected":false},"author":1,"featured_media":0,"parent":36,"menu_order":5,"comment_status":"closed","ping_status":"closed","template":"template-fullwidth.php","meta":{"footnotes":""},"class_list":["post-202","page","type-page","status-publish","hentry","post-preview"],"_links":{"self":[{"href":"https:\/\/www.tc-kirchhausen.de\/index.php\/wp-json\/wp\/v2\/pages\/202","targetHints":{"allow":["GET"]}}],"collection":[{"href":"https:\/\/www.tc-kirchhausen.de\/index.php\/wp-json\/wp\/v2\/pages"}],"about":[{"href":"https:\/\/www.tc-kirchhausen.de\/index.php\/wp-json\/wp\/v2\/types\/page"}],"author":[{"embeddable":true,"href":"https:\/\/www.tc-kirchhausen.de\/index.php\/wp-json\/wp\/v2\/users\/1"}],"replies":[{"embeddable":true,"href":"https:\/\/www.tc-kirchhausen.de\/index.php\/wp-json\/wp\/v2\/comments?post=202"}],"version-history":[{"count":16,"href":"https:\/\/www.tc-kirchhausen.de\/index.php\/wp-json\/wp\/v2\/pages\/202\/revisions"}],"predecessor-version":[{"id":833,"href":"https:\/\/www.tc-kirchhausen.de\/index.php\/wp-json\/wp\/v2\/pages\/202\/revisions\/833"}],"up":[{"embeddable":true,"href":"https:\/\/www.tc-kirchhausen.de\/index.php\/wp-json\/wp\/v2\/pages\/36"}],"wp:attachment":[{"href":"https:\/\/www.tc-kirchhausen.de\/index.php\/wp-json\/wp\/v2\/media?parent=202"}],"curies":[{"name":"wp","href":"https:\/\/api.w.org\/{rel}","templated":true}]}}