{"id":36,"date":"2017-02-02T15:54:31","date_gmt":"2017-02-02T14:54:31","guid":{"rendered":"http:\/\/192.168.30.252\/?page_id=36"},"modified":"2017-02-08T15:21:10","modified_gmt":"2017-02-08T14:21:10","slug":"verein","status":"publish","type":"page","link":"https:\/\/www.tc-kirchhausen.de\/index.php\/verein\/","title":{"rendered":"Verein"},"content":{"rendered":"<p><span style=\"font-size: 10pt;\">Der Tennisclub Kirchhausen wurde am 13. 12. 1969 gegr\u00fcndet und im Sommer 1970 ins Vereinsregister eingetragen. 1. Vorstand war Max Saupp, der 2. Reinhold W\u00f6rner.<\/span><\/p>\n<p><span style=\"font-size: 10pt;\">Die 17 Gr\u00fcndungsmitglieder waren:<\/span><br \/>\n<span style=\"font-size: 10pt;\"> Peter und Hilde Boger, Ferdinand und Marianne Mohr, Eugen Muth Senior und Junior, Josef und Erika Sailer, Max und Thea Saupp, Walter und Helga Volk, Luzie Voronka, Edwin und Margarete Weiss, Reinhold und Brigitte W\u00f6rner.<\/span><\/p>\n<p><span style=\"font-size: 10pt;\">Zu dieser Zeit besa\u00df der Verein weder Grund noch Boden. In nicht einfachen Verhandlungen erwarb er das heutige Gel\u00e4nde unter der M\u00fchle. Fast gleichzeitig wurden die Architekten Joerg Fischer und Peter Widman aus Neckarsulm mit der Planung der Anlage beauftragt. Das gr\u00f6\u00dfte Problem im Vorfeld der grunds\u00e4tzlichen Genehmigung stellte die Versorgung mit Wasser dar. Die damals noch selbst\u00e4ndige Gemeinde kn\u00fcpfte die Erlaubnis der Bebauung an die Forderung, die Wasser-Zu- und Ableitung ohne ihr Zutun durchgef\u00fchrt werden m\u00fcsse. Die Wohngeb\u00e4ude unter der M\u00fchle hatten eine eigene Quelle. Da das Industriegebiet Ob der M\u00fchle damals umgelegt wurde, wurde beschlossen, von dort das Wasser zu beziehen. Die Baufirma Knaaf \u00fcbernahm die Arbeit, bei der auch die Bundesstra\u00dfe unterquert werden musste. Erst jetzt konnte die eigentliche Planung beginnen.<\/span><\/p>\n<p><span style=\"font-size: 10pt;\">Der Vorentwurf f\u00fcr das Projekt wurde am 21.2.1972 eingereicht. Das ganze Gebiet s\u00fcdlich der B 39 entlang des Baches wurde als \u201eFreizeitzentrum, in s\u00fcdlicher Verl\u00e4ngerung des Sportbereich und in Beziehung zur Ortsmitte als \u201eGr\u00fcne Zunge\u201c\u2026&#8230; Als eine westlich der Gro\u00dfstadt gelagerte \u201eGr\u00fcne Lunge\u201c und Wasserspeicher im Ballungszentrum Heilbronn\u201c konzipiert. \u201eSie k\u00f6nnte auch eine Fortsetzung in Richtung Heilbronn mit Wanderwegen, dem Platz um die Annalinde, Waldfl\u00e4chen und eventuell einem Wildpark finden\u201c, steht in den entsprechenden Pl\u00e4nen.<\/span><\/p>\n<p><span style=\"font-size: 10pt;\">Neben der Tennisanlage, mit 5 Pl\u00e4tzen und einem Clubhaus war eine Minigolfanlage eine Spielwiese und ein See eingeplant, der dem Platz der Stra\u00dfe zur Annalinde entlang, s\u00fcdlich des M\u00fchlbergs, angedacht war.<\/span><\/p>\n<p><span style=\"font-size: 10pt;\">Der Verein war in der Zwischenzeit auf 23 Mitglieder angewachsen, als am 1.8.1973 die Baugenehmigung f\u00fcr 2 Tennispl\u00e4tze und eine \u201eHolzh\u00fctte\u201c als 1. Bauabschnitt erteilt wurde.<\/span><\/p>\n<p><span style=\"font-size: 10pt;\">Im Mai 1975 waren Pl\u00e4tze und \u201eClubheim, die Holzh\u00fctte\u201c fertig. 5 \u00bd Jahre Arbeit und Bezahlen trugen erstmalig Fr\u00fcchte. Man konnte beginnen, Tennis zu spielen. Im August zeigte man den Tennissport in einem Er\u00f6ffnungsturnier.<\/span><\/p>\n<p><span style=\"font-size: 10pt;\">Jetzt zeigte es sich, dass in dem in der Zwischenzeit zum Stadtteil Heilbronns gewandelten Kirchhausen doch reges Interesse am Tennsspielen vorhanden war. Schon 1977 wurde eine Herrenmannschaft f\u00fcr die Verbandsrunde gemeldet.<\/span><\/p>\n<p><span style=\"font-size: 10pt;\">Haupts\u00e4chlich in den Abendstunden waren die 2 Pl\u00e4tze bald v\u00f6llig ausgelastet. Deshalb wurde eine Flutlichtanlage installiert, die das Spielen auch in den sp\u00e4ten Abendstunden, selbst in den Sp\u00e4tsommer- und Herbstmonaten erm\u00f6glichte. Es gab damals die Zeitumstellung auf die Sommerzeit nicht. 1979 konnte sie in Betrieb genommen werden.<\/span><br \/>\n<span style=\"font-size: 10pt;\"> Gleichzeitig wurde weiteres Gel\u00e4nde zugekauft, das Gel\u00e4nde auf die heutige Gr\u00f6\u00dfe erweitert.<\/span><\/p>\n<p><span style=\"font-size: 10pt;\">Fast w\u00e4re das ganze Projekt noch gekippt, da die Stadt plante, das Gel\u00e4nde von der Deutschordenshalle bis zum Freibad in ein gro\u00dfes Sportzentrum zu verwandeln. In schwierigen Verhandlungen wurde im Februar 1980 in einem Gemeinderatsbeschluss festgelegt, dass unsere Anlag am Ort verbleiben durfte. Nicht zuletzt die hohen Kosten einer neuen Anlage gaben schlie\u00dflich den Ausschlag. So h\u00e4tte unter anderem eine St\u00fctzmauer zur Einebnung des Gel\u00e4ndes errichtet werden m\u00fcssen, die so teuer gewesen w\u00e4re, wie eine Erweiterung der bestehenden Anlage um weitere 2 Pl\u00e4tze.<\/span><\/p>\n<p><span style=\"font-size: 10pt;\">Bis zum Jahre 1978 wurden ausschlie\u00dflich Erwachsene in den Verein aufgenommen. Nun begann man zuerst nur Mitglieder-Kinder und dann auch alle interessierte Kinder und Jugendliche aufzunehmen. Die Jugendarbeit hatte Erfolg. 1980 z\u00e4hlte der Verein 120 Mitglieder, davon 35 Jugendliche.<\/span><\/p>\n<p><span style=\"font-size: 10pt;\">Damit war die Erweiterung auf 4 Pl\u00e4tze und der Bau eines Sportheims Notwendigkeit geworden. Die urspr\u00fcnglichen Pl\u00e4ne wurden herangezogen, der n\u00e4chste Bauabschnitt zur Genehmigung eingereicht. Neuerliche Bedenken der Naturschutzbeh\u00f6rde, baurechtliche Probleme waren der Grund f\u00fcr eine 1. Ablehnung im November 1981. Der Naturschutz sah den Charakter des sch\u00fctzenswerten Wiesentals gest\u00f6rt, das aber erst weit hinter unserer Anlage begann. Weitere Verhandlungen wurden schlie\u00dflich erfolgreich abgeschlossen, sodass im Februar 1983 die Baugenehmigung erteilt wurde. Zusch\u00fcsse der Stadt Heilbronn und des W\u00fcrttembergischen Landesssportbundes, dazu der lobenswerte Mithilfe aller Mitglieder im Arbeits- und Umlageeinsatz brachten das Werk schon f\u00fcr den 12.5.1984 zur Einweihung. Es dauerte noch bis 1988 bis die neuen Pl\u00e4tze mit einer Beregnungsanlage versehen wurden.<\/span><\/p>\n<p><span style=\"font-size: 10pt;\">Die Vergr\u00f6\u00dferung der Anlage, das Clubheim mit den 2 neuen Pl\u00e4tzen bot jetzt die Gelegenheit zum Spielen und Feiern. Aktive Mannschaften wurden aufgebaut. Schon 1979 eine Damenmannschaft, 1981 ein 2. Herrenmannschaft, dazu Jugendmannschaften, Jungsenioren- und Seniorenmannschaften, Hobbygruppen f\u00fcr M\u00e4nner und Frauen. Der Verein strebte einem H\u00f6hepunkt zu, der in der Becker- und Graf-\u00c4ra erreicht wurde.<\/span><\/p>\n<p><span style=\"font-size: 10pt;\">Die ganzen Baut\u00e4tigkeiten waren mit einem gro\u00dfen Kostenaufwand verbunden und so unterblieben weitere gro\u00dfe Projekte. Man hatte eine sch\u00f6ne Anlage, alles war und blieb Eigentum des Vereins.<\/span><\/p>\n<p><span style=\"font-size: 10pt;\">1994 wurde die Au\u00dfenanlage vor dem Clubheim und vor allen Dingen der Zugang zu Heim und Pl\u00e4tzen neu gestaltet, der Weg mit Verbundsteinen gepflastert. Das meiste dabei wurde durch den Einsatz der Mitglieder und damit Kosten sparend erledigt. So auch 1996 der Bau eines Ger\u00e4teschuppens.<\/span><\/p>\n<p><span style=\"font-size: 10pt;\">Danach verging kaum ein Jahr, in welchem nicht weitere gr\u00f6\u00dfere Bauma\u00dfnahmen ergriffen wurden oder ergriffen werden mussten:<\/span><\/p>\n<ul>\n<li><span style=\"font-size: 10pt;\">1998 Hebeanlage neu, nachdem die Pumpe defekt war<\/span><\/li>\n<li><span style=\"font-size: 10pt;\">1999 Grundsanierung des \u00dcbungsplatzes mit Ballwand<\/span><\/li>\n<li><span style=\"font-size: 10pt;\">2000 Erneuerung der Warmwasser- und Gastankanlage<\/span><\/li>\n<li><span style=\"font-size: 10pt;\">2001 Grundsanierung der Pl\u00e4tze 3 \/ 4<\/span><\/li>\n<li><span style=\"font-size: 10pt;\">2002 Erweiterung und Anbau des Clubraums<\/span><\/li>\n<li><span style=\"font-size: 10pt;\">Erneuerung der Sanit\u00e4rr\u00e4ume<\/span><\/li>\n<li><span style=\"font-size: 10pt;\">M\u00f6blierung des Clubraums<\/span><\/li>\n<li><span style=\"font-size: 10pt;\">2003 Au\u00dfenanstrich<\/span><\/li>\n<li><span style=\"font-size: 10pt;\">2004 Bau der Beach Pl\u00e4tze mit Begrenzungszaun und Au\u00dfenanlage<\/span><\/li>\n<li><span style=\"font-size: 10pt;\">2005 Neue Wasserzuleitung, Anschluss an das Wassernetz, nachdem die alte Leitung vom Industriegebiet her defekt war<\/span><\/li>\n<li><span style=\"font-size: 10pt;\">2006 Keine gro\u00dfe Baut\u00e4tigkeit. Problem mit der defekten Wasserleitung zu den Pl\u00e4tzen 3 \/ 4 konnte nicht behoben werden<\/span><\/li>\n<li><span style=\"font-size: 10pt;\">2007 Beheben des Leitungsschadens, Reparatur des Ger\u00e4teschuppens<\/span><\/li>\n<li><span style=\"font-size: 10pt;\">2008 Bau einer Solaranlage zur Warmwasserbereitung\u00a0<\/span><span style=\"font-size: 10pt;\">Au\u00dfenanlage um Terrasse ausgehoben, neu gestaltet und bepflanzt, Pizzah\u00fctte aufgestellt und neu gestrichen<\/span><\/li>\n<li><span style=\"font-size: 10pt;\">2009 Bau eines eigenen Brunnens zur Bew\u00e4sserung der Anlage<\/span><\/li>\n<li><span style=\"font-size: 10pt;\">2010 Erneuerung der gesamten Zaunanlage Platz 1+2 sowie \u00dcbungsplatz\u00a0<\/span><span style=\"font-size: 10pt;\">Anlage komplett durch Zaun umgeben<\/span><\/li>\n<\/ul>\n<p><span style=\"font-size: 10pt;\">Trotz all der Bauma\u00dfnahmen hat der Verein so gut gewirtschaftet, dass er finanziell gut gestellt ist. Alle Schulden wurden nahezu abbezahlt.<\/span><\/p>\n<p><span style=\"font-size: 10pt;\">Unsere Anlage wird auch von unseren G\u00e4sten einhellig als eine der sch\u00f6nsten der gesamten Umgebung gelobt. Darauf sind wir stolz.<\/span><\/p>\n<p><span style=\"font-size: 10pt;\">Leider wird der Tennissport in den letzten Jahren immer weniger gefragt, sodass auch wir Schwierigkeiten mit dem Nachwuchs im Jugend und Erwachsenen-Bereich haben, obwohl wir das Problem schon fr\u00fchzeitig erkannt hatten und nicht nur mit der Erneuerung der Anlage gegensteuerten.<\/span><br \/>\n<span style=\"font-size: 10pt;\"> Die Beach-Pl\u00e4tze haben zwar Interesse besonders bei der Jugend und vor allem den Volleyballern geweckt, haben bisher allerdings nicht den erhofften Anschub bewirkt.<\/span><\/p>\n<p><span style=\"font-size: 10pt;\">Unserem Verein ist schon seit \u00fcber 30 Jahren eine Frauen-Gymnastik-Gruppe angeschlossen, die immer noch regen Zulauf hat. Um das Angebot zu erweitern haben wir 2000 eine Senioren-Gesundheits-Turngruppe gegr\u00fcndet, die alle gefragten sportlichen Gesundheits- und Fitness Interessen abdeckt. Dabei kommt das gemeinsame Feiern auch nicht zu kurz. Auch diese Gruppe erfreut sich gro\u00dfer Beliebtheit. Aus ihr heraus bieten wir seit 2 Jahren immer wieder Qi Gong Kurse an, die recht gut besucht werden.<\/span><\/p>\n<p><span style=\"font-size: 10pt;\">Nicht nur f\u00fcr die sportliche Bet\u00e4tigung haben wir alle M\u00f6glichkeiten geschaffen, sondern auch f\u00fcr das gesellige Vereinsleben. N\u00fctzen wir es.<\/span><\/p>\n<p><span style=\"font-size: 10pt;\">Unser Verein bietet viel. Er lebt. Wir w\u00fcnschen uns, dass es unseren Mitgliedern bei uns gef\u00e4llt und dass neue den Weg zu uns finden.<\/span><\/p>\n","protected":false},"excerpt":{"rendered":"<p>Der Tennisclub Kirchhausen wurde am 13. 12. 1969 gegr\u00fcndet und im Sommer 1970 ins Vereinsregister eingetragen. 1. Vorstand war Max Saupp, der 2. Reinhold W\u00f6rner. Die 17 Gr\u00fcndungsmitglieder waren: Peter und Hilde Boger, Ferdinand und Marianne Mohr, Eugen Muth Senior und Junior, Josef und Erika Sailer, Max und Thea Saupp, Walter und Helga Volk, Luzie [&hellip;]<\/p>\n","protected":false},"author":1,"featured_media":0,"parent":0,"menu_order":2,"comment_status":"closed","ping_status":"closed","template":"template-fullwidth.php","meta":{"footnotes":""},"class_list":["post-36","page","type-page","status-publish","hentry","post-preview"],"_links":{"self":[{"href":"https:\/\/www.tc-kirchhausen.de\/index.php\/wp-json\/wp\/v2\/pages\/36","targetHints":{"allow":["GET"]}}],"collection":[{"href":"https:\/\/www.tc-kirchhausen.de\/index.php\/wp-json\/wp\/v2\/pages"}],"about":[{"href":"https:\/\/www.tc-kirchhausen.de\/index.php\/wp-json\/wp\/v2\/types\/page"}],"author":[{"embeddable":true,"href":"https:\/\/www.tc-kirchhausen.de\/index.php\/wp-json\/wp\/v2\/users\/1"}],"replies":[{"embeddable":true,"href":"https:\/\/www.tc-kirchhausen.de\/index.php\/wp-json\/wp\/v2\/comments?post=36"}],"version-history":[{"count":1,"href":"https:\/\/www.tc-kirchhausen.de\/index.php\/wp-json\/wp\/v2\/pages\/36\/revisions"}],"predecessor-version":[{"id":379,"href":"https:\/\/www.tc-kirchhausen.de\/index.php\/wp-json\/wp\/v2\/pages\/36\/revisions\/379"}],"wp:attachment":[{"href":"https:\/\/www.tc-kirchhausen.de\/index.php\/wp-json\/wp\/v2\/media?parent=36"}],"curies":[{"name":"wp","href":"https:\/\/api.w.org\/{rel}","templated":true}]}}