{"id":40,"date":"2017-02-02T15:55:10","date_gmt":"2017-02-02T14:55:10","guid":{"rendered":"http:\/\/192.168.30.252\/?page_id=40"},"modified":"2024-11-17T10:49:33","modified_gmt":"2024-11-17T09:49:33","slug":"mitgliedschaft","status":"publish","type":"page","link":"https:\/\/www.tc-kirchhausen.de\/index.php\/verein\/mitgliedschaft\/","title":{"rendered":"Mitgliedschaft"},"content":{"rendered":"<h5><span style=\"font-size: 12pt;\">Sie haben Lust auf Tennis in angenehmer Atmosph\u00e4re? Es reicht Ihnen nicht, immer nur den gro\u00dfen Stars im Fernsehen zuzusehen? Stattdessen m\u00f6chten Sie selbst den Schl\u00e4ger in die Hand nehmen um Ball und Gegner \u00fcber den Platz zu treiben?<\/span><br \/>\n<span style=\"font-size: 12pt;\"> Dann kommen Sie zum Tennisclub Kirchhausen e.V.<\/span><\/h5>\n<p><span style=\"font-size: 12px;\"><h2 id=\"tablepress-1-name\" class=\"tablepress-table-name tablepress-table-name-id-1\">Jahresbeitr\u00e4ge<\/h2>\n\n<table id=\"tablepress-1\" class=\"tablepress tablepress-id-1 tbody-has-connected-cells\" aria-labelledby=\"tablepress-1-name\">\n<tbody class=\"row-striping row-hover\">\n<tr class=\"row-1\">\n\t<td class=\"column-1\"><strong>Mitgliedsbeitr\u00e4ge<\/strong><\/td><td class=\"column-2\"><\/td>\n<\/tr>\n<tr class=\"row-2\">\n\t<td class=\"column-1\">Einzelmitgliedschaft Erwachsene - aktive Mitgliedschaft<\/td><td class=\"column-2\">130,00 \u20ac<\/td>\n<\/tr>\n<tr class=\"row-3\">\n\t<td class=\"column-1\">Ehepaar\/Partnerschaft - aktive Mitgliedschaft<\/td><td class=\"column-2\">190,00 \u20ac<\/td>\n<\/tr>\n<tr class=\"row-4\">\n\t<td class=\"column-1\">Einzelmitgliedschaft Erwachsene - passive Mitgliedschaft<\/td><td class=\"column-2\">30,00 \u20ac<\/td>\n<\/tr>\n<tr class=\"row-5\">\n\t<td class=\"column-1\">Ehepaar\/Partnerschaft - passive Mitgliedschaft<\/td><td class=\"column-2\">50,00 \u20ac<\/td>\n<\/tr>\n<tr class=\"row-6\">\n\t<td class=\"column-1\">Kinder und Jugendliche bis 18 Jahre<\/td><td class=\"column-2\">80,00 \u20ac<\/td>\n<\/tr>\n<tr class=\"row-7\">\n\t<td class=\"column-1\">Sch\u00fcler, Studenten und Azubi ab 18 Jahre - Nachweis erforderlich<\/td><td class=\"column-2\">80,00 \u20ac<\/td>\n<\/tr>\n<tr class=\"row-8\">\n\t<td class=\"column-1\">Schnuppermitgliedschaft*<\/td><td class=\"column-2\">75,00 \u20ac<\/td>\n<\/tr>\n<tr class=\"row-9\">\n\t<td colspan=\"2\" class=\"column-1\">*Die Schnuppermitgliedschaft endet automatisch zum Jahresende.<\/td>\n<\/tr>\n<tr class=\"row-10\">\n\t<td class=\"column-1\">Turnen \/ Beach - aktive Mitgliedschaft<\/td><td class=\"column-2\">30,00 \u20ac<\/td>\n<\/tr>\n<\/tbody>\n<\/table>\n<\/span><\/p>\n<table style=\"width: 741px;\">\n<tbody>\n<tr>\n<td style=\"width: 62px;\"><span style=\"font-size: 12pt;\"><img loading=\"lazy\" decoding=\"async\" class=\"alignnone size-full wp-image-121\" src=\"https:\/\/www.tc-kirchhausen.de\/wp-content\/uploads\/2017\/02\/pdflogo1-e1486063264454.jpeg\" alt=\"\" width=\"20\" height=\"20\" \/><\/span><\/td>\n<td style=\"width: 619px;\"><a href=\"https:\/\/www.tc-kirchhausen.de\/wp-content\/uploads\/2024\/11\/Aufnahmeantrag-112023.pdf\"  title=\"Aufnahmeantrag\" ><span style=\"font-size: 16px;\">Aufnahmeantrag<\/span><\/a><\/td>\n<\/tr>\n<\/tbody>\n<\/table>\n<table style=\"width: 741px;\">\n<tbody>\n<tr>\n<td style=\"width: 62px;\"><span style=\"font-size: 12pt;\"><img loading=\"lazy\" decoding=\"async\" class=\"alignnone size-full wp-image-121\" src=\"https:\/\/www.tc-kirchhausen.de\/wp-content\/uploads\/2017\/02\/pdflogo1-e1486063264454.jpeg\" alt=\"\" width=\"20\" height=\"20\" \/><\/span><\/td>\n<td style=\"width: 619px;\"><a href=\"https:\/\/www.tc-kirchhausen.de\/wp-content\/uploads\/2019\/02\/Satzung.pdf\"  title=\"Satzung TC-Kirchhausen\" ><span style=\"font-size: 16px;\">Satzung TC-Kirchhausen<\/span><\/a><\/td>\n<\/tr>\n<\/tbody>\n<\/table>\n<table style=\"width: 741px;\">\n<tbody>\n<tr>\n<td style=\"width: 62px;\"><span style=\"font-size: 12pt;\"><img loading=\"lazy\" decoding=\"async\" class=\"alignnone size-full wp-image-121\" src=\"https:\/\/www.tc-kirchhausen.de\/wp-content\/uploads\/2017\/02\/pdflogo1-e1486063264454.jpeg\" alt=\"\" width=\"20\" height=\"20\" \/><\/span><\/td>\n<td style=\"width: 619px;\"><span style=\"font-size: 16px;\"><a href=\"https:\/\/www.tc-kirchhausen.de\/wp-content\/uploads\/2018\/07\/Informationspflicht.pdf\"  title=\"Informationspflicht nach Artikel 12-14 DSGV\" >Informationspflicht nach Artikel 12-14 DSGV<\/a><\/span><\/td>\n<\/tr>\n<\/tbody>\n<\/table>\n<h5><span style=\"font-size: 12pt;\">Bei einer Mitgliedschaft k\u00f6nnen Sie sich sicher sein, dass Sie nicht nur Spa\u00df am Spiel, sondern auch neue Freunde finden werden. Mit unseren starken und ambitionierten Spielern stehen Ihnen zwar Konkurrenten, aber dar\u00fcber hinaus nette Menschen zur Seite, die den Tennissport genauso lieben wie Sie! Auch wenn Sie uns abseits des Sports unterst\u00fctzen wollen, freuen wir uns \u00fcber Ihre Mitgliedschaft und Ihr Engagement. Bei einem pers\u00f6nlichen Gespr\u00e4ch k\u00f6nnen wir gerne N\u00e4heres zur Mitgliedschaft besprechen.<\/span><\/h5>\n<h5><span style=\"font-size: 12pt;\">Bitte nehmen Sie <a href=\"https:\/\/www.tc-kirchhausen.de\/index.php\/kontakt\/\"  title=\"Kontakt\" >Kontakt<\/a> mit uns auf!<\/span><\/h5>\n","protected":false},"excerpt":{"rendered":"<p>Sie haben Lust auf Tennis in angenehmer Atmosph\u00e4re? Es reicht Ihnen nicht, immer nur den gro\u00dfen Stars im Fernsehen zuzusehen? Stattdessen m\u00f6chten Sie selbst den Schl\u00e4ger in die Hand nehmen um Ball und Gegner \u00fcber den Platz zu treiben? Dann kommen Sie zum Tennisclub Kirchhausen e.V. Aufnahmeantrag Satzung TC-Kirchhausen Informationspflicht nach Artikel 12-14 DSGV Bei [&hellip;]<\/p>\n","protected":false},"author":1,"featured_media":0,"parent":36,"menu_order":1,"comment_status":"closed","ping_status":"closed","template":"","meta":{"footnotes":""},"class_list":["post-40","page","type-page","status-publish","hentry","post-preview"],"_links":{"self":[{"href":"https:\/\/www.tc-kirchhausen.de\/index.php\/wp-json\/wp\/v2\/pages\/40","targetHints":{"allow":["GET"]}}],"collection":[{"href":"https:\/\/www.tc-kirchhausen.de\/index.php\/wp-json\/wp\/v2\/pages"}],"about":[{"href":"https:\/\/www.tc-kirchhausen.de\/index.php\/wp-json\/wp\/v2\/types\/page"}],"author":[{"embeddable":true,"href":"https:\/\/www.tc-kirchhausen.de\/index.php\/wp-json\/wp\/v2\/users\/1"}],"replies":[{"embeddable":true,"href":"https:\/\/www.tc-kirchhausen.de\/index.php\/wp-json\/wp\/v2\/comments?post=40"}],"version-history":[{"count":53,"href":"https:\/\/www.tc-kirchhausen.de\/index.php\/wp-json\/wp\/v2\/pages\/40\/revisions"}],"predecessor-version":[{"id":1611,"href":"https:\/\/www.tc-kirchhausen.de\/index.php\/wp-json\/wp\/v2\/pages\/40\/revisions\/1611"}],"up":[{"embeddable":true,"href":"https:\/\/www.tc-kirchhausen.de\/index.php\/wp-json\/wp\/v2\/pages\/36"}],"wp:attachment":[{"href":"https:\/\/www.tc-kirchhausen.de\/index.php\/wp-json\/wp\/v2\/media?parent=40"}],"curies":[{"name":"wp","href":"https:\/\/api.w.org\/{rel}","templated":true}]}}