{"id":44,"date":"2017-02-02T15:56:00","date_gmt":"2017-02-02T14:56:00","guid":{"rendered":"http:\/\/192.168.30.252\/?page_id=44"},"modified":"2017-02-16T11:49:10","modified_gmt":"2017-02-16T10:49:10","slug":"beach-tennis","status":"publish","type":"page","link":"https:\/\/www.tc-kirchhausen.de\/index.php\/beach-tennis\/","title":{"rendered":"BeachTennis"},"content":{"rendered":"<h5><span style=\"font-size: 12pt;\"><span class=\"s1\">Beach Tennis und andere Beach Ball Spiele jetzt auch in Kirchhausen!<\/span><span class=\"s2\"><br \/>\n<\/span><span class=\"s1\">Die Bl\u00fctezeit f\u00fcr den Tennissport ist vorbei. Steffi Graf und Boris Becker sind in unserer schnelllebigen Zeit Erinnerung und Mythos. Dort wo die besten Zugpferde fehlen, kann das Tempo des Wagens nicht beibehalten werden.<\/span><\/span><\/h5>\n<p><img loading=\"lazy\" decoding=\"async\" class=\"alignleft wp-image-497 size-medium\" src=\"https:\/\/www.tc-kirchhausen.de\/wp-content\/uploads\/2017\/02\/P1000080-300x225.jpg\" width=\"300\" height=\"225\" srcset=\"https:\/\/www.tc-kirchhausen.de\/wp-content\/uploads\/2017\/02\/P1000080-300x225.jpg 300w, https:\/\/www.tc-kirchhausen.de\/wp-content\/uploads\/2017\/02\/P1000080-768x576.jpg 768w, https:\/\/www.tc-kirchhausen.de\/wp-content\/uploads\/2017\/02\/P1000080-1024x768.jpg 1024w, https:\/\/www.tc-kirchhausen.de\/wp-content\/uploads\/2017\/02\/P1000080-676x507.jpg 676w\" sizes=\"auto, (max-width: 300px) 100vw, 300px\" \/><\/p>\n<p><span style=\"font-size: 12pt;\">Diese Entwicklung hat auch unseren Verein eingeholt.\u00a0Unsere Mitgliederzahlen bewegen sich seither, vor allem im aktiven Bereich, konstant nach unten.\u00a0Zun\u00e4chst konnten wir Schlimmeres durch zahlreiche Aktionen verhindern, aber nicht auf Dauer abblocken.\u00a0<\/span><span style=\"font-size: 12pt;\">So machten sich Vorstand und Ausschuss weitere Gedanken dar\u00fcber, wie man unseren Verein interessanter, anziehender gestalten k\u00f6nnte.\u00a0Da vor allem junge Mitglieder, die Zukunft des Vereins, angesprochen werden sollten, war die Richtung des Suchens vorgegeben:<\/span><\/p>\n<p>&nbsp;<\/p>\n<h5 class=\"p1\"><span style=\"font-size: 12pt;\"><span class=\"s1\">&#8211; Worauf spricht die Jugend an?<\/span><span class=\"s2\"><br \/>\n<\/span><span class=\"s1\">&#8211; Wie sieht f\u00fcr sie ein Tennisclub aus?<\/span><span class=\"s2\"><br \/>\n<\/span><span class=\"s1\">&#8211; Was ist f\u00fcr sie in?<\/span><span class=\"s2\"><br \/>\n<\/span><span class=\"s1\">&#8211; Welche M\u00f6glichkeiten k\u00f6nnen wir daf\u00fcr bieten?<\/span><\/span><\/h5>\n<h5 class=\"p1\"><span style=\"font-size: 12pt;\"><span class=\"s1\">Durch den Vorstand wurde der Begriff Beach-Tennis in den Ring geworfen, was zun\u00e4chst auf Skepsis bis Ablehnung stie\u00df.\u00a0<\/span><span class=\"s1\">Fortbildungsveranstaltungen mit Informationen durch den WTB, Anfragen bei Vereinen mit Anlagen f\u00fcr Beach-Tennis, Bekannt werden mit dieser Art des Tennis und viel \u00dcberzeugungsarbeit f\u00fchrten schlie\u00dflich dazu, dass der Ausschuss und danach die Generalversammlung dem Projekt zustimmten.<\/span><\/span><\/h5>\n<h5 class=\"p1\"><span class=\"s1\" style=\"font-size: 12pt;\">Nachdem die Genehmigung daf\u00fcr eingeholt worden war, gestalteten wir den Neubau des Tennisplatzes als Beach-Tennisplatz. Zur Er\u00f6ffnung der Spiel-Saison 2004 wurde die Anlage als eine der ersten der nahen und weiteren Umgebung fertig. Sie kann auch f\u00fcr alle anderen Beach-Ball-Spiele, also auch Beach-Volley-Ball ben\u00fctzt werden.<\/span><\/h5>\n<h5 class=\"p1\"><span class=\"s1\" style=\"font-size: 12pt;\">Wir erhoffen uns in ihr den gew\u00fcnschten Anziehungspunkt und werden alles dazu tun, dass sich die Mitglieder und die Neu-Mitglieder bei uns wohl f\u00fchlen.<\/span><\/h5>\n","protected":false},"excerpt":{"rendered":"<p>Beach Tennis und andere Beach Ball Spiele jetzt auch in Kirchhausen! Die Bl\u00fctezeit f\u00fcr den Tennissport ist vorbei. Steffi Graf und Boris Becker sind in unserer schnelllebigen Zeit Erinnerung und Mythos. Dort wo die besten Zugpferde fehlen, kann das Tempo des Wagens nicht beibehalten werden. Diese Entwicklung hat auch unseren Verein eingeholt.\u00a0Unsere Mitgliederzahlen bewegen sich [&hellip;]<\/p>\n","protected":false},"author":1,"featured_media":0,"parent":0,"menu_order":4,"comment_status":"closed","ping_status":"closed","template":"template-fullwidth.php","meta":{"footnotes":""},"class_list":["post-44","page","type-page","status-publish","hentry","post-preview"],"_links":{"self":[{"href":"https:\/\/www.tc-kirchhausen.de\/index.php\/wp-json\/wp\/v2\/pages\/44","targetHints":{"allow":["GET"]}}],"collection":[{"href":"https:\/\/www.tc-kirchhausen.de\/index.php\/wp-json\/wp\/v2\/pages"}],"about":[{"href":"https:\/\/www.tc-kirchhausen.de\/index.php\/wp-json\/wp\/v2\/types\/page"}],"author":[{"embeddable":true,"href":"https:\/\/www.tc-kirchhausen.de\/index.php\/wp-json\/wp\/v2\/users\/1"}],"replies":[{"embeddable":true,"href":"https:\/\/www.tc-kirchhausen.de\/index.php\/wp-json\/wp\/v2\/comments?post=44"}],"version-history":[{"count":5,"href":"https:\/\/www.tc-kirchhausen.de\/index.php\/wp-json\/wp\/v2\/pages\/44\/revisions"}],"predecessor-version":[{"id":504,"href":"https:\/\/www.tc-kirchhausen.de\/index.php\/wp-json\/wp\/v2\/pages\/44\/revisions\/504"}],"wp:attachment":[{"href":"https:\/\/www.tc-kirchhausen.de\/index.php\/wp-json\/wp\/v2\/media?parent=44"}],"curies":[{"name":"wp","href":"https:\/\/api.w.org\/{rel}","templated":true}]}}