{"id":589,"date":"2017-02-17T16:50:27","date_gmt":"2017-02-17T15:50:27","guid":{"rendered":"https:\/\/www.tc-kirchhausen.de\/?page_id=589"},"modified":"2023-03-29T20:27:42","modified_gmt":"2023-03-29T18:27:42","slug":"home","status":"publish","type":"page","link":"https:\/\/www.tc-kirchhausen.de\/","title":{"rendered":"Home"},"content":{"rendered":"<p><span style=\"font-size: 24px;\"><strong>Herzlich Willkommen beim TC-Kirchhausen!<\/strong><\/span><\/p>\n<p>Sie haben <strong>Lust auf Tennis<\/strong>, sind sich aber noch nicht sicher, ob Tennis das Richtige f\u00fcr Sie ist? Der TCK bietet auch in <strong>diesem Sommer<\/strong> wieder die M\u00f6glichkeit einer <strong>Schnuppermitgliedschaft<\/strong> an.<\/p>\n<p><a href=\"https:\/\/www.tc-kirchhausen.de\/index.php\/schnupperkurs\/schnupperkurs\/\"  title=\"Mehr Info und zum Anmeldeformular\" >Mehr Info und zum Anmeldeformular<\/a><\/p>\n<hr \/>\n<p>Im Zuge dieses Internetauftritts wollen wir Ihnen einen \u00dcberblick \u00fcber unseren Verein und dessen Aktivit\u00e4ten geben.<\/p>\n<div class=\"pbs-row\" style=\"min-height: 200px;\">\n<div class=\"pbs-col\" style=\"flex-basis: 50%;\">\n<p><img loading=\"lazy\" decoding=\"async\" class=\"size-medium wp-image-512 alignleft\" src=\"https:\/\/www.tc-kirchhausen.de\/wp-content\/uploads\/2017\/02\/P1000149-300x225.jpg\" alt=\"\" width=\"300\" height=\"225\" \/><\/p>\n<\/div>\n<div class=\"pbs-col\" style=\"flex-basis: 50%;\">\n<p>Unsere Anlage bietet mit 4 Freipl\u00e4tzen, 2 Beach-Tennis Pl\u00e4tzen und einem wundersch\u00f6nen Vereinsheim alles, was sich ein Tennisverein bzw. dessen Mitglieder w\u00fcnschen k\u00f6nnen.<\/p>\n<\/div>\n<\/div>\n<hr \/>\n","protected":false},"excerpt":{"rendered":"<p>Herzlich Willkommen beim TC-Kirchhausen! Sie haben Lust auf Tennis, sind sich aber noch nicht sicher, ob Tennis das Richtige f\u00fcr Sie ist? Der TCK bietet auch in diesem Sommer wieder die M\u00f6glichkeit einer Schnuppermitgliedschaft an. Mehr Info und zum Anmeldeformular Im Zuge dieses Internetauftritts wollen wir Ihnen einen \u00dcberblick \u00fcber unseren Verein und dessen Aktivit\u00e4ten [&hellip;]<\/p>\n","protected":false},"author":1,"featured_media":0,"parent":0,"menu_order":0,"comment_status":"closed","ping_status":"closed","template":"","meta":{"footnotes":""},"class_list":["post-589","page","type-page","status-publish","hentry","post-preview"],"_links":{"self":[{"href":"https:\/\/www.tc-kirchhausen.de\/index.php\/wp-json\/wp\/v2\/pages\/589","targetHints":{"allow":["GET"]}}],"collection":[{"href":"https:\/\/www.tc-kirchhausen.de\/index.php\/wp-json\/wp\/v2\/pages"}],"about":[{"href":"https:\/\/www.tc-kirchhausen.de\/index.php\/wp-json\/wp\/v2\/types\/page"}],"author":[{"embeddable":true,"href":"https:\/\/www.tc-kirchhausen.de\/index.php\/wp-json\/wp\/v2\/users\/1"}],"replies":[{"embeddable":true,"href":"https:\/\/www.tc-kirchhausen.de\/index.php\/wp-json\/wp\/v2\/comments?post=589"}],"version-history":[{"count":75,"href":"https:\/\/www.tc-kirchhausen.de\/index.php\/wp-json\/wp\/v2\/pages\/589\/revisions"}],"predecessor-version":[{"id":1383,"href":"https:\/\/www.tc-kirchhausen.de\/index.php\/wp-json\/wp\/v2\/pages\/589\/revisions\/1383"}],"wp:attachment":[{"href":"https:\/\/www.tc-kirchhausen.de\/index.php\/wp-json\/wp\/v2\/media?parent=589"}],"curies":[{"name":"wp","href":"https:\/\/api.w.org\/{rel}","templated":true}]}}